
            
            {"id":2398,"date":"2017-02-06T13:58:38","date_gmt":"2017-02-06T13:58:38","guid":{"rendered":"http:\/\/zvornikturizam.org\/v2\/?page_id=2398"},"modified":"2024-03-20T12:52:15","modified_gmt":"2024-03-20T12:52:15","slug":"okruzenje","status":"publish","type":"page","link":"https:\/\/zvornikturizam.org\/v2\/bs\/okruzenje\/","title":{"rendered":"Okru\u017eenje"},"content":{"rendered":"<p><div  class=\"col-md-12 \"><div class=\"cs-partner has_border heading-style-2\"><div class=\"cs-section-title\"><h2>Okru\u017eenje<\/h2><\/div><ul class=\"row\"> <\/ul><\/div><\/div><\/p>\n<p>Zvornik u svom najbli\u017eem okru\u017eenju ima zaista vrijedno i raznoliko turisti\u010dko bogatstvo, tako da\u00a0 ako tokom boravka u Zvorniku, po\u017eelite da odete na jednodnevni izlet putevi vode ka Malom Zvorniku, \u0160ekovi\u0107ima, Vlasenici, Bijeljini ili Loznici.<\/p>","protected":false},"excerpt":{"rendered":"<p>Zvornik u svom najbli\u017eem okru\u017eenju ima zaista vrijedno i raznoliko turisti\u010dko bogatstvo, tako da\u00a0 ako tokom boravka u Zvorniku, po\u017eelite da odete na jednodnevni izlet putevi vode ka Malom Zvorniku, \u0160ekovi\u0107ima, Vlasenici, Bijeljini ili Loznici.<\/p>\n","protected":false},"author":1,"featured_media":0,"parent":0,"menu_order":0,"comment_status":"open","ping_status":"open","template":"","meta":[],"_links":{"self":[{"href":"https:\/\/zvornikturizam.org\/v2\/bs\/wp-json\/wp\/v2\/pages\/2398"}],"collection":[{"href":"https:\/\/zvornikturizam.org\/v2\/bs\/wp-json\/wp\/v2\/pages"}],"about":[{"href":"https:\/\/zvornikturizam.org\/v2\/bs\/wp-json\/wp\/v2\/types\/page"}],"author":[{"embeddable":true,"href":"https:\/\/zvornikturizam.org\/v2\/bs\/wp-json\/wp\/v2\/users\/1"}],"replies":[{"embeddable":true,"href":"https:\/\/zvornikturizam.org\/v2\/bs\/wp-json\/wp\/v2\/comments?post=2398"}],"version-history":[{"count":2,"href":"https:\/\/zvornikturizam.org\/v2\/bs\/wp-json\/wp\/v2\/pages\/2398\/revisions"}],"predecessor-version":[{"id":3059,"href":"https:\/\/zvornikturizam.org\/v2\/bs\/wp-json\/wp\/v2\/pages\/2398\/revisions\/3059"}],"wp:attachment":[{"href":"https:\/\/zvornikturizam.org\/v2\/bs\/wp-json\/wp\/v2\/media?parent=2398"}],"curies":[{"name":"wp","href":"https:\/\/api.w.org\/{rel}","templated":true}]}}