
            
            {"id":2932,"date":"2017-02-08T09:51:44","date_gmt":"2017-02-08T09:51:44","guid":{"rendered":"http:\/\/zvornikturizam.org\/v2\/?page_id=2932"},"modified":"2017-02-13T19:47:29","modified_gmt":"2017-02-13T19:47:29","slug":"sportski-klubovi","status":"publish","type":"page","link":"https:\/\/zvornikturizam.org\/v2\/bs\/sportski-klubovi\/","title":{"rendered":"Sportski klubovi"},"content":{"rendered":"<p><div  class=\"col-md-12 \"><div class=\"cs-partner has_border heading-style-2\"><div class=\"cs-section-title\"><h2>Sportski klubovi<\/h2><\/div><ul class=\"row\"> <\/ul><\/div><\/div><\/p>\n<ul>\n<li>FK \u201eDrina\u201d Zvornik<\/li>\n<li>KK \u201eDrina\u201d Zvornik<\/li>\n<li>Kajak Kanu Rafting klub \u201cEko-Drina\u201d<\/li>\n<li>Atletski klub<\/li>\n<li>Odbojka\u0161ki klub<\/li>\n<li>D\u017eudo klub<\/li>\n<li>Tekvando klub<\/li>\n<li>Vaterpolo klub<\/li>\n<li>Skija\u0161ki klub<\/li>\n<li>Paint ball klub<\/li>\n<\/ul>\n<p><\/p>","protected":false},"excerpt":{"rendered":"<p>FK \u201eDrina\u201d Zvornik KK \u201eDrina\u201d Zvornik Kajak Kanu Rafting klub \u201cEko-Drina\u201d Atletski klub Odbojka\u0161ki klub D\u017eudo klub Tekvando klub Vaterpolo klub Skija\u0161ki klub Paint ball klub<\/p>\n","protected":false},"author":1,"featured_media":0,"parent":0,"menu_order":0,"comment_status":"closed","ping_status":"closed","template":"","meta":[],"_links":{"self":[{"href":"https:\/\/zvornikturizam.org\/v2\/bs\/wp-json\/wp\/v2\/pages\/2932"}],"collection":[{"href":"https:\/\/zvornikturizam.org\/v2\/bs\/wp-json\/wp\/v2\/pages"}],"about":[{"href":"https:\/\/zvornikturizam.org\/v2\/bs\/wp-json\/wp\/v2\/types\/page"}],"author":[{"embeddable":true,"href":"https:\/\/zvornikturizam.org\/v2\/bs\/wp-json\/wp\/v2\/users\/1"}],"replies":[{"embeddable":true,"href":"https:\/\/zvornikturizam.org\/v2\/bs\/wp-json\/wp\/v2\/comments?post=2932"}],"version-history":[{"count":2,"href":"https:\/\/zvornikturizam.org\/v2\/bs\/wp-json\/wp\/v2\/pages\/2932\/revisions"}],"predecessor-version":[{"id":3092,"href":"https:\/\/zvornikturizam.org\/v2\/bs\/wp-json\/wp\/v2\/pages\/2932\/revisions\/3092"}],"wp:attachment":[{"href":"https:\/\/zvornikturizam.org\/v2\/bs\/wp-json\/wp\/v2\/media?parent=2932"}],"curies":[{"name":"wp","href":"https:\/\/api.w.org\/{rel}","templated":true}]}}